{"id":297,"date":"2025-09-28T20:45:59","date_gmt":"2025-09-28T20:45:59","guid":{"rendered":"http:\/\/hersh.local\/?page_id=297"},"modified":"2025-10-09T14:16:46","modified_gmt":"2025-10-09T14:16:46","slug":"body-cart","status":"publish","type":"page","link":"https:\/\/hershofficial.com\/tr\/body-cart\/","title":{"rendered":"Beden Tablosu"},"content":{"rendered":"<div data-elementor-type=\"wp-page\" data-elementor-id=\"297\" class=\"elementor elementor-297\" data-elementor-post-type=\"page\">\n\t\t\t\t<div class=\"elementor-element elementor-element-f86ac12 e-con-full e-flex e-con e-parent\" data-id=\"f86ac12\" data-element_type=\"container\" data-e-type=\"container\" data-settings=\"{&quot;background_background&quot;:&quot;classic&quot;}\">\n\t\t<div class=\"elementor-element elementor-element-646d78f e-con-full e-flex e-con e-child\" data-id=\"646d78f\" data-element_type=\"container\" data-e-type=\"container\">\n\t\t\t\t<div class=\"elementor-element elementor-element-e3b55b3 elementor-icon-list--layout-inline elementor-align-center elementor-list-item-link-full_width elementor-widget elementor-widget-icon-list\" data-id=\"e3b55b3\" data-element_type=\"widget\" data-e-type=\"widget\" data-widget_type=\"icon-list.default\">\n\t\t\t\t\t\t\t<ul class=\"elementor-icon-list-items elementor-inline-items\">\n\t\t\t\t\t\t\t<li class=\"elementor-icon-list-item elementor-inline-item\">\n\t\t\t\t\t\t\t\t\t\t<span class=\"elementor-icon-list-text\">Ana Sayfa<\/span>\n\t\t\t\t\t\t\t\t\t<\/li>\n\t\t\t\t\t\t\t\t<li class=\"elementor-icon-list-item elementor-inline-item\">\n\t\t\t\t\t\t\t\t\t\t\t<span class=\"elementor-icon-list-icon\">\n\t\t\t\t\t\t\t<svg aria-hidden=\"true\" class=\"e-font-icon-svg e-fas-circle\" viewbox=\"0 0 512 512\" xmlns=\"http:\/\/www.w3.org\/2000\/svg\"><path d=\"M256 8C119 8 8 119 8 256s111 248 248 248 248-111 248-248S393 8 256 8z\"><\/path><\/svg>\t\t\t\t\t\t<\/span>\n\t\t\t\t\t\t\t\t\t\t<span class=\"elementor-icon-list-text\">Body Chart<\/span>\n\t\t\t\t\t\t\t\t\t<\/li>\n\t\t\t\t\t\t<\/ul>\n\t\t\t\t\t\t<\/div>\n\t\t\t\t<\/div>\n\t\t\t\t<\/div>\n\t\t<div class=\"elementor-element elementor-element-808d25c e-flex e-con-boxed e-con e-parent\" data-id=\"808d25c\" data-element_type=\"container\" data-e-type=\"container\">\n\t\t\t\t\t<div class=\"e-con-inner\">\n\t\t<div class=\"elementor-element elementor-element-861d869 e-con-full e-flex e-con e-child\" data-id=\"861d869\" data-element_type=\"container\" data-e-type=\"container\" data-settings=\"{&quot;background_background&quot;:&quot;classic&quot;}\">\n\t\t\t\t<div class=\"elementor-element elementor-element-bfa01b5 elementor-widget elementor-widget-image\" data-id=\"bfa01b5\" data-element_type=\"widget\" data-e-type=\"widget\" data-widget_type=\"image.default\">\n\t\t\t\t\t\t\t\t\t\t\t\t\t\t\t<img fetchpriority=\"high\" decoding=\"async\" width=\"564\" height=\"240\" src=\"https:\/\/hershofficial.com\/wp-content\/uploads\/2025\/10\/resim_2025-10-07_190611519.png\" class=\"attachment-full size-full wp-image-810\" alt=\"\" srcset=\"https:\/\/hershofficial.com\/wp-content\/uploads\/2025\/10\/resim_2025-10-07_190611519.png 518w, https:\/\/hershofficial.com\/wp-content\/uploads\/2025\/10\/resim_2025-10-07_190611519-300x145.png 300w, https:\/\/hershofficial.com\/wp-content\/uploads\/2025\/10\/resim_2025-10-07_190611519-18x9.png 18w\" sizes=\"(max-width: 564px) 100vw, 564px\" \/>\t\t\t\t\t\t\t\t\t\t\t\t\t\t\t<\/div>\n\t\t\t\t<\/div>\n\t\t<div class=\"elementor-element elementor-element-cb53c2c e-con-full e-flex e-con e-child\" data-id=\"cb53c2c\" data-element_type=\"container\" data-e-type=\"container\" data-settings=\"{&quot;background_background&quot;:&quot;classic&quot;}\">\n\t\t\t\t<div class=\"elementor-element elementor-element-933ffd3 elementor-widget elementor-widget-heading\" data-id=\"933ffd3\" data-element_type=\"widget\" data-e-type=\"widget\" data-widget_type=\"heading.default\">\n\t\t\t\t\t<h2 class=\"elementor-heading-title elementor-size-default\">Bedeninizi Nas\u0131l \u00d6l\u00e7ersiniz<\/h2>\t\t\t\t<\/div>\n\t\t\t\t<div class=\"elementor-element elementor-element-e855d62 elementor-widget elementor-widget-text-editor\" data-id=\"e855d62\" data-element_type=\"widget\" data-e-type=\"widget\" data-widget_type=\"text-editor.default\">\n\t\t\t\t\t\t\t\t\t<p><strong>G\u00f6\u011f\u00fcs : <\/strong>Kollar\u0131n\u0131z yanda serbest olacak \u015fekilde g\u00f6\u011f\u00fcs\u00fcn\u00fcz\u00fcn en geni\u015f noktas\u0131ndan \u00f6l\u00e7\u00fcn.<\/p><p><strong>Bel : <\/strong>Mezuray\u0131 biraz gev\u015fek tutarak do\u011fal bel \u00e7evrenizi \u00f6l\u00e7\u00fcn.<\/p><p><strong>Basen : <\/strong>Ayaklar\u0131n\u0131 biti\u015fik tutarak kal\u00e7an\u0131z\u0131n en geni\u015f k\u0131sm\u0131n\u0131 \u00f6l\u00e7\u00fcn.<\/p>\t\t\t\t\t\t\t\t<\/div>\n\t\t\t\t<\/div>\n\t\t\t\t\t<\/div>\n\t\t\t\t<\/div>\n\t\t<div class=\"elementor-element elementor-element-41542c2 e-flex e-con-boxed e-con e-parent\" data-id=\"41542c2\" data-element_type=\"container\" data-e-type=\"container\">\n\t\t\t\t\t<div class=\"e-con-inner\">\n\t\t\t\t\t<\/div>\n\t\t\t\t<\/div>\n\t\t\t\t<\/div>","protected":false},"excerpt":{"rendered":"<p>Home Page Body Chart How To Mesure Yourself Breast : Measure the circumference at the most protruding point of your chest Waist : Measure the circumference on the narrowest part of your body Hips : Measure the circumference of your hips at the widest point<\/p>","protected":false},"author":1,"featured_media":0,"parent":0,"menu_order":0,"comment_status":"closed","ping_status":"closed","template":"","meta":{"_kad_post_transparent":"","_kad_post_title":"hide","_kad_post_layout":"fullwidth","_kad_post_sidebar_id":"","_kad_post_content_style":"unboxed","_kad_post_vertical_padding":"hide","_kad_post_feature":"hide","_kad_post_feature_position":"","_kad_post_header":false,"_kad_post_footer":false,"_kad_post_classname":"","footnotes":""},"class_list":["post-297","page","type-page","status-publish","hentry"],"yoast_head":"<!-- This site is optimized with the Yoast SEO plugin v26.9 - https:\/\/yoast.com\/product\/yoast-seo-wordpress\/ -->\n<title>Body Cart - Hersh<\/title>\n<meta name=\"robots\" content=\"index, follow, max-snippet:-1, max-image-preview:large, max-video-preview:-1\" \/>\n<link rel=\"canonical\" href=\"https:\/\/hershofficial.com\/tr\/body-cart\/\" \/>\n<meta property=\"og:locale\" content=\"tr_TR\" \/>\n<meta property=\"og:type\" content=\"article\" \/>\n<meta property=\"og:title\" content=\"Body Cart - Hersh\" \/>\n<meta property=\"og:description\" content=\"Home Page Body Chart How To Mesure Yourself Breast : Measure the circumference at the most protruding point of your chest Waist : Measure the circumference on the narrowest part of your body Hips : Measure the circumference of your hips at the widest point\" \/>\n<meta property=\"og:url\" content=\"https:\/\/hershofficial.com\/tr\/body-cart\/\" \/>\n<meta property=\"og:site_name\" content=\"Hersh\" \/>\n<meta property=\"article:modified_time\" content=\"2025-10-09T14:16:46+00:00\" \/>\n<meta property=\"og:image\" content=\"https:\/\/hershofficial.com\/wp-content\/uploads\/2025\/10\/resim_2025-10-07_190005366.png\" \/>\n\t<meta property=\"og:image:width\" content=\"564\" \/>\n\t<meta property=\"og:image:height\" content=\"240\" \/>\n\t<meta property=\"og:image:type\" content=\"image\/png\" \/>\n<meta name=\"twitter:card\" content=\"summary_large_image\" \/>\n<script type=\"application\/ld+json\" class=\"yoast-schema-graph\">{\"@context\":\"https:\/\/schema.org\",\"@graph\":[{\"@type\":\"WebPage\",\"@id\":\"https:\/\/hershofficial.com\/body-cart\/\",\"url\":\"https:\/\/hershofficial.com\/body-cart\/\",\"name\":\"Body Cart - Hersh\",\"isPartOf\":{\"@id\":\"https:\/\/hershofficial.com\/#website\"},\"primaryImageOfPage\":{\"@id\":\"https:\/\/hershofficial.com\/body-cart\/#primaryimage\"},\"image\":{\"@id\":\"https:\/\/hershofficial.com\/body-cart\/#primaryimage\"},\"thumbnailUrl\":\"https:\/\/hershofficial.com\/wp-content\/uploads\/2025\/10\/resim_2025-10-07_190005366.png\",\"datePublished\":\"2025-09-28T20:45:59+00:00\",\"dateModified\":\"2025-10-09T14:16:46+00:00\",\"breadcrumb\":{\"@id\":\"https:\/\/hershofficial.com\/body-cart\/#breadcrumb\"},\"inLanguage\":\"tr\",\"potentialAction\":[{\"@type\":\"ReadAction\",\"target\":[\"https:\/\/hershofficial.com\/body-cart\/\"]}]},{\"@type\":\"ImageObject\",\"inLanguage\":\"tr\",\"@id\":\"https:\/\/hershofficial.com\/body-cart\/#primaryimage\",\"url\":\"https:\/\/hershofficial.com\/wp-content\/uploads\/2025\/10\/resim_2025-10-07_190005366.png\",\"contentUrl\":\"https:\/\/hershofficial.com\/wp-content\/uploads\/2025\/10\/resim_2025-10-07_190005366.png\"},{\"@type\":\"BreadcrumbList\",\"@id\":\"https:\/\/hershofficial.com\/body-cart\/#breadcrumb\",\"itemListElement\":[{\"@type\":\"ListItem\",\"position\":1,\"name\":\"Home\",\"item\":\"https:\/\/hershofficial.com\/\"},{\"@type\":\"ListItem\",\"position\":2,\"name\":\"Body Cart\"}]},{\"@type\":\"WebSite\",\"@id\":\"https:\/\/hershofficial.com\/#website\",\"url\":\"https:\/\/hershofficial.com\/\",\"name\":\"Hersh\",\"description\":\"\",\"publisher\":{\"@id\":\"https:\/\/hershofficial.com\/#organization\"},\"potentialAction\":[{\"@type\":\"SearchAction\",\"target\":{\"@type\":\"EntryPoint\",\"urlTemplate\":\"https:\/\/hershofficial.com\/?s={search_term_string}\"},\"query-input\":{\"@type\":\"PropertyValueSpecification\",\"valueRequired\":true,\"valueName\":\"search_term_string\"}}],\"inLanguage\":\"tr\"},{\"@type\":\"Organization\",\"@id\":\"https:\/\/hershofficial.com\/#organization\",\"name\":\"Hersh\",\"url\":\"https:\/\/hershofficial.com\/\",\"logo\":{\"@type\":\"ImageObject\",\"inLanguage\":\"tr\",\"@id\":\"https:\/\/hershofficial.com\/#\/schema\/logo\/image\/\",\"url\":\"https:\/\/hershofficial.com\/wp-content\/uploads\/2025\/09\/cropped-WhatsApp-Gorsel-2025-09-20-saat-19.46.12_963aafcd.jpg\",\"contentUrl\":\"https:\/\/hershofficial.com\/wp-content\/uploads\/2025\/09\/cropped-WhatsApp-Gorsel-2025-09-20-saat-19.46.12_963aafcd.jpg\",\"width\":671,\"height\":223,\"caption\":\"Hersh\"},\"image\":{\"@id\":\"https:\/\/hershofficial.com\/#\/schema\/logo\/image\/\"},\"sameAs\":[\"https:\/\/www.instagram.com\/hersh.official\"]}]}<\/script>\n<!-- \/ Yoast SEO plugin. -->","yoast_head_json":{"title":"Body Cart - Hersh","robots":{"index":"index","follow":"follow","max-snippet":"max-snippet:-1","max-image-preview":"max-image-preview:large","max-video-preview":"max-video-preview:-1"},"canonical":"https:\/\/hershofficial.com\/tr\/body-cart\/","og_locale":"tr_TR","og_type":"article","og_title":"Body Cart - Hersh","og_description":"Home Page Body Chart How To Mesure Yourself Breast : Measure the circumference at the most protruding point of your chest Waist : Measure the circumference on the narrowest part of your body Hips : Measure the circumference of your hips at the widest point","og_url":"https:\/\/hershofficial.com\/tr\/body-cart\/","og_site_name":"Hersh","article_modified_time":"2025-10-09T14:16:46+00:00","og_image":[{"width":564,"height":240,"url":"https:\/\/hershofficial.com\/wp-content\/uploads\/2025\/10\/resim_2025-10-07_190005366.png","type":"image\/png"}],"twitter_card":"summary_large_image","schema":{"@context":"https:\/\/schema.org","@graph":[{"@type":"WebPage","@id":"https:\/\/hershofficial.com\/body-cart\/","url":"https:\/\/hershofficial.com\/body-cart\/","name":"Body Cart - Hersh","isPartOf":{"@id":"https:\/\/hershofficial.com\/#website"},"primaryImageOfPage":{"@id":"https:\/\/hershofficial.com\/body-cart\/#primaryimage"},"image":{"@id":"https:\/\/hershofficial.com\/body-cart\/#primaryimage"},"thumbnailUrl":"https:\/\/hershofficial.com\/wp-content\/uploads\/2025\/10\/resim_2025-10-07_190005366.png","datePublished":"2025-09-28T20:45:59+00:00","dateModified":"2025-10-09T14:16:46+00:00","breadcrumb":{"@id":"https:\/\/hershofficial.com\/body-cart\/#breadcrumb"},"inLanguage":"tr","potentialAction":[{"@type":"ReadAction","target":["https:\/\/hershofficial.com\/body-cart\/"]}]},{"@type":"ImageObject","inLanguage":"tr","@id":"https:\/\/hershofficial.com\/body-cart\/#primaryimage","url":"https:\/\/hershofficial.com\/wp-content\/uploads\/2025\/10\/resim_2025-10-07_190005366.png","contentUrl":"https:\/\/hershofficial.com\/wp-content\/uploads\/2025\/10\/resim_2025-10-07_190005366.png"},{"@type":"BreadcrumbList","@id":"https:\/\/hershofficial.com\/body-cart\/#breadcrumb","itemListElement":[{"@type":"ListItem","position":1,"name":"Home","item":"https:\/\/hershofficial.com\/"},{"@type":"ListItem","position":2,"name":"Body Cart"}]},{"@type":"WebSite","@id":"https:\/\/hershofficial.com\/#website","url":"https:\/\/hershofficial.com\/","name":"Hersh","description":"","publisher":{"@id":"https:\/\/hershofficial.com\/#organization"},"potentialAction":[{"@type":"SearchAction","target":{"@type":"EntryPoint","urlTemplate":"https:\/\/hershofficial.com\/?s={search_term_string}"},"query-input":{"@type":"PropertyValueSpecification","valueRequired":true,"valueName":"search_term_string"}}],"inLanguage":"tr"},{"@type":"Organization","@id":"https:\/\/hershofficial.com\/#organization","name":"Hersh","url":"https:\/\/hershofficial.com\/","logo":{"@type":"ImageObject","inLanguage":"tr","@id":"https:\/\/hershofficial.com\/#\/schema\/logo\/image\/","url":"https:\/\/hershofficial.com\/wp-content\/uploads\/2025\/09\/cropped-WhatsApp-Gorsel-2025-09-20-saat-19.46.12_963aafcd.jpg","contentUrl":"https:\/\/hershofficial.com\/wp-content\/uploads\/2025\/09\/cropped-WhatsApp-Gorsel-2025-09-20-saat-19.46.12_963aafcd.jpg","width":671,"height":223,"caption":"Hersh"},"image":{"@id":"https:\/\/hershofficial.com\/#\/schema\/logo\/image\/"},"sameAs":["https:\/\/www.instagram.com\/hersh.official"]}]}},"_hostinger_reach_plugin_has_subscription_block":false,"_hostinger_reach_plugin_is_elementor":false,"_links":{"self":[{"href":"https:\/\/hershofficial.com\/tr\/wp-json\/wp\/v2\/pages\/297","targetHints":{"allow":["GET"]}}],"collection":[{"href":"https:\/\/hershofficial.com\/tr\/wp-json\/wp\/v2\/pages"}],"about":[{"href":"https:\/\/hershofficial.com\/tr\/wp-json\/wp\/v2\/types\/page"}],"author":[{"embeddable":true,"href":"https:\/\/hershofficial.com\/tr\/wp-json\/wp\/v2\/users\/1"}],"replies":[{"embeddable":true,"href":"https:\/\/hershofficial.com\/tr\/wp-json\/wp\/v2\/comments?post=297"}],"version-history":[{"count":109,"href":"https:\/\/hershofficial.com\/tr\/wp-json\/wp\/v2\/pages\/297\/revisions"}],"predecessor-version":[{"id":910,"href":"https:\/\/hershofficial.com\/tr\/wp-json\/wp\/v2\/pages\/297\/revisions\/910"}],"wp:attachment":[{"href":"https:\/\/hershofficial.com\/tr\/wp-json\/wp\/v2\/media?parent=297"}],"curies":[{"name":"wp","href":"https:\/\/api.w.org\/{rel}","templated":true}]}}