{"id":320,"date":"2025-10-02T15:11:56","date_gmt":"2025-10-02T15:11:56","guid":{"rendered":"http:\/\/hersh.local\/?page_id=320"},"modified":"2025-10-08T17:19:22","modified_gmt":"2025-10-08T17:19:22","slug":"about","status":"publish","type":"page","link":"https:\/\/hershofficial.com\/tr\/about\/","title":{"rendered":"About"},"content":{"rendered":"<div data-elementor-type=\"wp-page\" data-elementor-id=\"320\" class=\"elementor elementor-320\" data-elementor-post-type=\"page\">\n\t\t\t\t<div class=\"elementor-element elementor-element-2a9208c e-flex e-con-boxed e-con e-parent\" data-id=\"2a9208c\" data-element_type=\"container\" data-e-type=\"container\" data-settings=\"{&quot;background_background&quot;:&quot;classic&quot;}\">\n\t\t\t\t\t<div class=\"e-con-inner\">\n\t\t\t\t<div class=\"elementor-element elementor-element-59c91e1 elementor-widget elementor-widget-heading\" data-id=\"59c91e1\" data-element_type=\"widget\" data-e-type=\"widget\" data-widget_type=\"heading.default\">\n\t\t\t\t\t<h2 class=\"elementor-heading-title elementor-size-default\">About Us<\/h2>\t\t\t\t<\/div>\n\t\t<div class=\"elementor-element elementor-element-87a284f e-con-full e-flex e-con e-child\" data-id=\"87a284f\" data-element_type=\"container\" data-e-type=\"container\">\n\t\t\t\t<div class=\"elementor-element elementor-element-6e58f96 elementor-widget elementor-widget-text-editor\" data-id=\"6e58f96\" data-element_type=\"widget\" data-e-type=\"widget\" data-widget_type=\"text-editor.default\">\n\t\t\t\t\t\t\t\t\t<p dir=\"auto\">Moday\u0131 h\u0131zla t\u00fcketilen bir trend olarak de\u011fil, kimli\u011fimizin \u00e7ok katmanl\u0131 ve benzersiz d\u00f6n\u00fc\u015f\u00fcn\u00fc yans\u0131tan bir sanat formu olarak g\u00f6r\u00fcyoruz. Bu \u00e7ok y\u00f6nl\u00fcl\u00fc\u011f\u00fc, bir zamanlar bamba\u015fka hayatlar\u0131n par\u00e7as\u0131 olan g\u00f6mlekleri, i\u015flemeli dantelleri ve masa \u00f6rt\u00fclerimi patchwork tasar\u0131mlar\u0131m\u0131za dahil ederek ifade ediyoruz. \nBu nedenle \u00fcr\u00fcnlerimiz, bizler gibi e\u015fsiz ve tekrar\u0131 olmayan par\u00e7alar. Her biri ge\u00e7mi\u015ften bir hikaye ta\u015f\u0131rken, gelece\u011fe bilin\u00e7li ve s\u00fcrd\u00fcr\u00fclebilir bir \u00fcretim anlay\u0131\u015f\u0131yla katk\u0131 sa\u011fl\u0131yor.\nModa anlay\u0131\u015f\u0131n\u0131 d\u00f6n\u00fc\u015ft\u00fcren, bilin\u00e7li t\u00fcketimi destekleyen ve s\u00fcrd\u00fcr\u00fclebilir bir gelece\u011fe katk\u0131 sa\u011flayan herkesi bu yolculu\u011fa davet ediyoruz.<\/p>\t\t\t\t\t\t\t\t<\/div>\n\t\t\t\t<\/div>\n\t\t\t\t\t<\/div>\n\t\t\t\t<\/div>\n\t\t\t\t<\/div>","protected":false},"excerpt":{"rendered":"<p>About Us We see fashion not as a fleeting trend but as an art form that reflects the multifaceted and unique evolution of our identity. We express this versatility by incorporating shirts, embroidered lace, and tablecloths once part of entirely different lives into our patchwork designs. For this reason, our products are one of a&#8230;<\/p>","protected":false},"author":1,"featured_media":0,"parent":0,"menu_order":0,"comment_status":"closed","ping_status":"closed","template":"","meta":{"_kad_post_transparent":"","_kad_post_title":"hide","_kad_post_layout":"fullwidth","_kad_post_sidebar_id":"","_kad_post_content_style":"unboxed","_kad_post_vertical_padding":"hide","_kad_post_feature":"hide","_kad_post_feature_position":"","_kad_post_header":false,"_kad_post_footer":false,"_kad_post_classname":"","footnotes":""},"class_list":["post-320","page","type-page","status-publish","hentry"],"yoast_head":"<!-- This site is optimized with the Yoast SEO plugin v26.9 - https:\/\/yoast.com\/product\/yoast-seo-wordpress\/ -->\n<title>About - Hersh<\/title>\n<meta name=\"robots\" content=\"index, follow, max-snippet:-1, max-image-preview:large, max-video-preview:-1\" \/>\n<link rel=\"canonical\" href=\"https:\/\/hershofficial.com\/tr\/about\/\" \/>\n<meta property=\"og:locale\" content=\"tr_TR\" \/>\n<meta property=\"og:type\" content=\"article\" \/>\n<meta property=\"og:title\" content=\"About - Hersh\" \/>\n<meta property=\"og:description\" content=\"About Us We see fashion not as a fleeting trend but as an art form that reflects the multifaceted and unique evolution of our identity. We express this versatility by incorporating shirts, embroidered lace, and tablecloths once part of entirely different lives into our patchwork designs. For this reason, our products are one of a...\" \/>\n<meta property=\"og:url\" content=\"https:\/\/hershofficial.com\/tr\/about\/\" \/>\n<meta property=\"og:site_name\" content=\"Hersh\" \/>\n<meta property=\"article:modified_time\" content=\"2025-10-08T17:19:22+00:00\" \/>\n<meta name=\"twitter:card\" content=\"summary_large_image\" \/>\n<meta name=\"twitter:label1\" content=\"Tahmini okuma s\u00fcresi\" \/>\n\t<meta name=\"twitter:data1\" content=\"1 dakika\" \/>\n<script type=\"application\/ld+json\" class=\"yoast-schema-graph\">{\"@context\":\"https:\/\/schema.org\",\"@graph\":[{\"@type\":\"WebPage\",\"@id\":\"https:\/\/hershofficial.com\/about\/\",\"url\":\"https:\/\/hershofficial.com\/about\/\",\"name\":\"About - Hersh\",\"isPartOf\":{\"@id\":\"https:\/\/hershofficial.com\/#website\"},\"datePublished\":\"2025-10-02T15:11:56+00:00\",\"dateModified\":\"2025-10-08T17:19:22+00:00\",\"breadcrumb\":{\"@id\":\"https:\/\/hershofficial.com\/about\/#breadcrumb\"},\"inLanguage\":\"tr\",\"potentialAction\":[{\"@type\":\"ReadAction\",\"target\":[\"https:\/\/hershofficial.com\/about\/\"]}]},{\"@type\":\"BreadcrumbList\",\"@id\":\"https:\/\/hershofficial.com\/about\/#breadcrumb\",\"itemListElement\":[{\"@type\":\"ListItem\",\"position\":1,\"name\":\"Home\",\"item\":\"https:\/\/hershofficial.com\/\"},{\"@type\":\"ListItem\",\"position\":2,\"name\":\"About\"}]},{\"@type\":\"WebSite\",\"@id\":\"https:\/\/hershofficial.com\/#website\",\"url\":\"https:\/\/hershofficial.com\/\",\"name\":\"Hersh\",\"description\":\"\",\"publisher\":{\"@id\":\"https:\/\/hershofficial.com\/#organization\"},\"potentialAction\":[{\"@type\":\"SearchAction\",\"target\":{\"@type\":\"EntryPoint\",\"urlTemplate\":\"https:\/\/hershofficial.com\/?s={search_term_string}\"},\"query-input\":{\"@type\":\"PropertyValueSpecification\",\"valueRequired\":true,\"valueName\":\"search_term_string\"}}],\"inLanguage\":\"tr\"},{\"@type\":\"Organization\",\"@id\":\"https:\/\/hershofficial.com\/#organization\",\"name\":\"Hersh\",\"url\":\"https:\/\/hershofficial.com\/\",\"logo\":{\"@type\":\"ImageObject\",\"inLanguage\":\"tr\",\"@id\":\"https:\/\/hershofficial.com\/#\/schema\/logo\/image\/\",\"url\":\"https:\/\/hershofficial.com\/wp-content\/uploads\/2025\/09\/cropped-WhatsApp-Gorsel-2025-09-20-saat-19.46.12_963aafcd.jpg\",\"contentUrl\":\"https:\/\/hershofficial.com\/wp-content\/uploads\/2025\/09\/cropped-WhatsApp-Gorsel-2025-09-20-saat-19.46.12_963aafcd.jpg\",\"width\":671,\"height\":223,\"caption\":\"Hersh\"},\"image\":{\"@id\":\"https:\/\/hershofficial.com\/#\/schema\/logo\/image\/\"},\"sameAs\":[\"https:\/\/www.instagram.com\/hersh.official\"]}]}<\/script>\n<!-- \/ Yoast SEO plugin. -->","yoast_head_json":{"title":"About - Hersh","robots":{"index":"index","follow":"follow","max-snippet":"max-snippet:-1","max-image-preview":"max-image-preview:large","max-video-preview":"max-video-preview:-1"},"canonical":"https:\/\/hershofficial.com\/tr\/about\/","og_locale":"tr_TR","og_type":"article","og_title":"About - Hersh","og_description":"About Us We see fashion not as a fleeting trend but as an art form that reflects the multifaceted and unique evolution of our identity. We express this versatility by incorporating shirts, embroidered lace, and tablecloths once part of entirely different lives into our patchwork designs. For this reason, our products are one of a...","og_url":"https:\/\/hershofficial.com\/tr\/about\/","og_site_name":"Hersh","article_modified_time":"2025-10-08T17:19:22+00:00","twitter_card":"summary_large_image","twitter_misc":{"Tahmini okuma s\u00fcresi":"1 dakika"},"schema":{"@context":"https:\/\/schema.org","@graph":[{"@type":"WebPage","@id":"https:\/\/hershofficial.com\/about\/","url":"https:\/\/hershofficial.com\/about\/","name":"About - Hersh","isPartOf":{"@id":"https:\/\/hershofficial.com\/#website"},"datePublished":"2025-10-02T15:11:56+00:00","dateModified":"2025-10-08T17:19:22+00:00","breadcrumb":{"@id":"https:\/\/hershofficial.com\/about\/#breadcrumb"},"inLanguage":"tr","potentialAction":[{"@type":"ReadAction","target":["https:\/\/hershofficial.com\/about\/"]}]},{"@type":"BreadcrumbList","@id":"https:\/\/hershofficial.com\/about\/#breadcrumb","itemListElement":[{"@type":"ListItem","position":1,"name":"Home","item":"https:\/\/hershofficial.com\/"},{"@type":"ListItem","position":2,"name":"About"}]},{"@type":"WebSite","@id":"https:\/\/hershofficial.com\/#website","url":"https:\/\/hershofficial.com\/","name":"Hersh","description":"","publisher":{"@id":"https:\/\/hershofficial.com\/#organization"},"potentialAction":[{"@type":"SearchAction","target":{"@type":"EntryPoint","urlTemplate":"https:\/\/hershofficial.com\/?s={search_term_string}"},"query-input":{"@type":"PropertyValueSpecification","valueRequired":true,"valueName":"search_term_string"}}],"inLanguage":"tr"},{"@type":"Organization","@id":"https:\/\/hershofficial.com\/#organization","name":"Hersh","url":"https:\/\/hershofficial.com\/","logo":{"@type":"ImageObject","inLanguage":"tr","@id":"https:\/\/hershofficial.com\/#\/schema\/logo\/image\/","url":"https:\/\/hershofficial.com\/wp-content\/uploads\/2025\/09\/cropped-WhatsApp-Gorsel-2025-09-20-saat-19.46.12_963aafcd.jpg","contentUrl":"https:\/\/hershofficial.com\/wp-content\/uploads\/2025\/09\/cropped-WhatsApp-Gorsel-2025-09-20-saat-19.46.12_963aafcd.jpg","width":671,"height":223,"caption":"Hersh"},"image":{"@id":"https:\/\/hershofficial.com\/#\/schema\/logo\/image\/"},"sameAs":["https:\/\/www.instagram.com\/hersh.official"]}]}},"_hostinger_reach_plugin_has_subscription_block":false,"_hostinger_reach_plugin_is_elementor":false,"_links":{"self":[{"href":"https:\/\/hershofficial.com\/tr\/wp-json\/wp\/v2\/pages\/320","targetHints":{"allow":["GET"]}}],"collection":[{"href":"https:\/\/hershofficial.com\/tr\/wp-json\/wp\/v2\/pages"}],"about":[{"href":"https:\/\/hershofficial.com\/tr\/wp-json\/wp\/v2\/types\/page"}],"author":[{"embeddable":true,"href":"https:\/\/hershofficial.com\/tr\/wp-json\/wp\/v2\/users\/1"}],"replies":[{"embeddable":true,"href":"https:\/\/hershofficial.com\/tr\/wp-json\/wp\/v2\/comments?post=320"}],"version-history":[{"count":31,"href":"https:\/\/hershofficial.com\/tr\/wp-json\/wp\/v2\/pages\/320\/revisions"}],"predecessor-version":[{"id":896,"href":"https:\/\/hershofficial.com\/tr\/wp-json\/wp\/v2\/pages\/320\/revisions\/896"}],"wp:attachment":[{"href":"https:\/\/hershofficial.com\/tr\/wp-json\/wp\/v2\/media?parent=320"}],"curies":[{"name":"wp","href":"https:\/\/api.w.org\/{rel}","templated":true}]}}