{"id":430,"date":"2025-10-03T17:21:17","date_gmt":"2025-10-03T17:21:17","guid":{"rendered":"http:\/\/hersh.local\/?page_id=430"},"modified":"2025-10-08T15:51:03","modified_gmt":"2025-10-08T15:51:03","slug":"custom-order","status":"publish","type":"page","link":"https:\/\/hershofficial.com\/tr\/custom-order\/","title":{"rendered":"Custom Order"},"content":{"rendered":"\t\t<div data-elementor-type=\"wp-page\" data-elementor-id=\"430\" class=\"elementor elementor-430\" data-elementor-post-type=\"page\">\n\t\t\t\t<div class=\"elementor-element elementor-element-b37c2b9 e-con-full e-flex e-con e-parent\" data-id=\"b37c2b9\" data-element_type=\"container\" data-e-type=\"container\">\n\t\t<div class=\"elementor-element elementor-element-0da6820 e-con-full e-flex e-con e-child\" data-id=\"0da6820\" data-element_type=\"container\" data-e-type=\"container\" data-settings=\"{&quot;background_background&quot;:&quot;classic&quot;}\">\n\t\t<div class=\"elementor-element elementor-element-fc156e8 e-con-full e-flex e-con e-child\" data-id=\"fc156e8\" data-element_type=\"container\" data-e-type=\"container\" data-settings=\"{&quot;background_background&quot;:&quot;classic&quot;}\">\n\t\t\t\t<div class=\"elementor-element elementor-element-6052b79 elementor-hidden-desktop elementor-hidden-tablet elementor-widget elementor-widget-text-editor\" data-id=\"6052b79\" data-element_type=\"widget\" data-e-type=\"widget\" data-widget_type=\"text-editor.default\">\n\t\t\t\t\t\t\t\t\t<p dir=\"auto\"><strong>Custom Orders<\/strong><\/p><p dir=\"auto\">Most of our products are designed through upcycling from second-hand materials, making them unique and one-of-a-kind. However, we can create custom designs based on your preferred measurements and fabric choices. The preparation time for custom orders is between 2-5 weeks. Please note that custom orders are non-returnable, but exchanges can be accommodated upon request.<\/p>\t\t\t\t\t\t\t\t<\/div>\n\t\t\t\t<\/div>\n\t\t\t\t<\/div>\n\t\t<div class=\"elementor-element elementor-element-ddfb44a e-con-full elementor-hidden-mobile e-flex e-con e-child\" data-id=\"ddfb44a\" data-element_type=\"container\" data-e-type=\"container\">\n\t\t\t\t<div class=\"elementor-element elementor-element-8244675 elementor-widget elementor-widget-text-editor\" data-id=\"8244675\" data-element_type=\"widget\" data-e-type=\"widget\" data-widget_type=\"text-editor.default\">\n\t\t\t\t\t\t\t\t\t<p dir=\"auto\"><strong>Custom Orders<\/strong><\/p><p dir=\"auto\">Most of our products are designed through upcycling from second-hand materials, making them unique and one-of-a-kind. However, we can create custom designs based on your preferred measurements and fabric choices. The preparation time for custom orders is between 2-5 weeks. Please note that custom orders are non-returnable, but exchanges can be accommodated upon request.<\/p>\t\t\t\t\t\t\t\t<\/div>\n\t\t\t\t<div class=\"elementor-element elementor-element-db20b03 elementor-widget elementor-widget-wpforms\" data-id=\"db20b03\" data-element_type=\"widget\" data-e-type=\"widget\" data-widget_type=\"wpforms.default\">\n\t\t\t\t<div class=\"elementor-widget-container\">\n\t\t\t\t\t<style id=\"wpforms-css-vars-elementor-widget-db20b03\">\n\t\t\t\t.elementor-widget-wpforms.elementor-element-db20b03 {\n\t\t\t\t--wpforms-field-border-color: #929292;\n--wpforms-field-border-color-spare: #929292;\n--wpforms-field-text-color: #444444;\n--wpforms-label-color: #262626;\n--wpforms-label-sublabel-color: #7f7f7f;\n--wpforms-label-error-color: #ff0000;\n--wpforms-button-border-style: solid;\n--wpforms-button-background-color: #000000;\n--wpforms-button-border-color: #000000;\n--wpforms-button-text-color: #FFFFFF;\n--wpforms-page-break-color: #dddddd;\n--wpforms-field-size-input-height: 31px;\n--wpforms-field-size-input-spacing: 10px;\n--wpforms-field-size-font-size: 14px;\n--wpforms-field-size-line-height: 17px;\n--wpforms-field-size-padding-h: 9px;\n--wpforms-field-size-checkbox-size: 14px;\n--wpforms-field-size-sublabel-spacing: 5px;\n--wpforms-field-size-icon-size: 0.75;\n--wpforms-label-size-font-size: 14px;\n--wpforms-label-size-line-height: 17px;\n--wpforms-label-size-sublabel-font-size: 13px;\n--wpforms-label-size-sublabel-line-height: 16px;\n--wpforms-button-size-font-size: 14px;\n--wpforms-button-size-height: 37px;\n--wpforms-button-size-padding-h: 15px;\n--wpforms-button-size-margin-top: 5px;\n\t\t\t}\n\t\t\t<\/style><div class=\"wpforms-container wpforms-container-full wpforms-render-modern\" id=\"wpforms-543\"><form id=\"wpforms-form-543\" class=\"wpforms-validate wpforms-form wpforms-ajax-form\" data-formid=\"543\" method=\"post\" enctype=\"multipart\/form-data\" action=\"\/tr\/wp-json\/wp\/v2\/pages\/430\" data-token=\"48dfcb0b5e7c4164da7a8326b9492d12\" data-token-time=\"1776352281\"><noscript class=\"wpforms-error-noscript\">Bu formu bitirebilmek i\u00e7in taray\u0131c\u0131n\u0131zda JavaScript&#039;i etkinle\u015ftirin.<\/noscript><div id=\"wpforms-error-noscript\" style=\"display: none;\">Bu formu bitirebilmek i\u00e7in taray\u0131c\u0131n\u0131zda JavaScript&#039;i etkinle\u015ftirin.<\/div><div class=\"wpforms-field-container\">\t\t<div id=\"wpforms-543-field_4-container\"\n\t\t\tclass=\"wpforms-field wpforms-field-text\"\n\t\t\tdata-field-type=\"text\"\n\t\t\tdata-field-id=\"4\"\n\t\t\t>\n\t\t\t<label class=\"wpforms-field-label\" for=\"wpforms-543-field_4\" >us Email for<\/label>\n\t\t\t<input type=\"text\" id=\"wpforms-543-field_4\" class=\"wpforms-field-medium\" name=\"wpforms[fields][4]\" >\n\t\t<\/div>\n\t\t<div id=\"wpforms-543-field_1-container\" class=\"wpforms-field wpforms-field-name\" data-field-id=\"1\"><fieldset><legend class=\"wpforms-field-label\">Name <span class=\"wpforms-required-label\" aria-hidden=\"true\">*<\/span><\/legend><div class=\"wpforms-field-row wpforms-field-medium\"><div class=\"wpforms-field-row-block wpforms-first wpforms-one-half\"><input type=\"text\" id=\"wpforms-543-field_1\" class=\"wpforms-field-name-first wpforms-field-required\" name=\"wpforms[fields][1][first]\" aria-errormessage=\"wpforms-543-field_1-error\" required><label for=\"wpforms-543-field_1\" class=\"wpforms-field-sublabel after\">Ad<\/label><\/div><div class=\"wpforms-field-row-block wpforms-one-half\"><input type=\"text\" id=\"wpforms-543-field_1-last\" class=\"wpforms-field-name-last wpforms-field-required\" name=\"wpforms[fields][1][last]\" aria-errormessage=\"wpforms-543-field_1-last-error\" required><label for=\"wpforms-543-field_1-last\" class=\"wpforms-field-sublabel after\">Soyad<\/label><\/div><\/div><\/fieldset><\/div><div id=\"wpforms-543-field_2-container\" class=\"wpforms-field wpforms-field-email\" data-field-id=\"2\"><label class=\"wpforms-field-label\" for=\"wpforms-543-field_2\">Email <span class=\"wpforms-required-label\" aria-hidden=\"true\">*<\/span><\/label><input type=\"email\" id=\"wpforms-543-field_2\" class=\"wpforms-field-medium wpforms-field-required\" name=\"wpforms[fields][2]\" spellcheck=\"false\" aria-errormessage=\"wpforms-543-field_2-error\" required><\/div><div id=\"wpforms-543-field_3-container\" class=\"wpforms-field wpforms-field-textarea\" data-field-id=\"3\"><label class=\"wpforms-field-label\" for=\"wpforms-543-field_3\">Share your order details or contact us for more information. <span class=\"wpforms-required-label\" aria-hidden=\"true\">*<\/span><\/label><textarea id=\"wpforms-543-field_3\" class=\"wpforms-field-medium wpforms-field-required\" name=\"wpforms[fields][3]\" aria-errormessage=\"wpforms-543-field_3-error\" required><\/textarea><\/div><script>\n\t\t\t\t( function() {\n\t\t\t\t\tconst style = document.createElement( 'style' );\n\t\t\t\t\tstyle.appendChild( document.createTextNode( '#wpforms-543-field_4-container { position: absolute !important; overflow: hidden !important; display: inline !important; height: 1px !important; width: 1px !important; z-index: -1000 !important; padding: 0 !important; } #wpforms-543-field_4-container input { visibility: hidden; } #wpforms-conversational-form-page #wpforms-543-field_4-container label { counter-increment: none; }' ) );\n\t\t\t\t\tdocument.head.appendChild( style );\n\t\t\t\t\tdocument.currentScript?.remove();\n\t\t\t\t} )();\n\t\t\t<\/script><\/div><!-- .wpforms-field-container --><div class=\"wpforms-submit-container\" ><input type=\"hidden\" name=\"wpforms[id]\" value=\"543\"><input type=\"hidden\" name=\"page_title\" value=\"\"><input type=\"hidden\" name=\"page_url\" value=\"https:\/\/hershofficial.com\/tr\/wp-json\/wp\/v2\/pages\/430\"><input type=\"hidden\" name=\"url_referer\" value=\"\"><button type=\"submit\" name=\"wpforms[submit]\" id=\"wpforms-submit-543\" class=\"wpforms-submit\" data-alt-text=\"Sending...\" data-submit-text=\"Submit\" aria-live=\"assertive\" value=\"wpforms-submit\">Submit<\/button><img decoding=\"async\" src=\"https:\/\/hershofficial.com\/wp-content\/plugins\/wpforms-lite\/assets\/images\/submit-spin.svg\" class=\"wpforms-submit-spinner\" style=\"display: none;\" width=\"26\" height=\"26\" alt=\"Y\u00fckleniyor\"><\/div><\/form><\/div>  <!-- .wpforms-container -->\t\t\t\t<\/div>\n\t\t\t\t<\/div>\n\t\t\t\t<\/div>\n\t\t\t\t<\/div>\n\t\t<div class=\"elementor-element elementor-element-908e5f0 e-flex e-con-boxed e-con e-parent\" data-id=\"908e5f0\" data-element_type=\"container\" data-e-type=\"container\">\n\t\t\t\t\t<div class=\"e-con-inner\">\n\t\t\t\t<div class=\"elementor-element elementor-element-74d1c45 elementor-hidden-desktop elementor-hidden-tablet elementor-widget elementor-widget-wpforms\" data-id=\"74d1c45\" data-element_type=\"widget\" data-e-type=\"widget\" data-widget_type=\"wpforms.default\">\n\t\t\t\t<div class=\"elementor-widget-container\">\n\t\t\t\t\t<style id=\"wpforms-css-vars-elementor-widget-74d1c45\">\n\t\t\t\t.elementor-widget-wpforms.elementor-element-74d1c45 {\n\t\t\t\t--wpforms-field-border-color: #929292;\n--wpforms-field-border-color-spare: #929292;\n--wpforms-field-text-color: #444444;\n--wpforms-label-color: #262626;\n--wpforms-label-sublabel-color: #7f7f7f;\n--wpforms-label-error-color: #ff0000;\n--wpforms-button-border-style: solid;\n--wpforms-button-background-color: #000000;\n--wpforms-button-border-color: #000000;\n--wpforms-button-text-color: #FFFFFF;\n--wpforms-page-break-color: #dddddd;\n--wpforms-field-size-input-height: 31px;\n--wpforms-field-size-input-spacing: 10px;\n--wpforms-field-size-font-size: 14px;\n--wpforms-field-size-line-height: 17px;\n--wpforms-field-size-padding-h: 9px;\n--wpforms-field-size-checkbox-size: 14px;\n--wpforms-field-size-sublabel-spacing: 5px;\n--wpforms-field-size-icon-size: 0.75;\n--wpforms-label-size-font-size: 14px;\n--wpforms-label-size-line-height: 17px;\n--wpforms-label-size-sublabel-font-size: 13px;\n--wpforms-label-size-sublabel-line-height: 16px;\n--wpforms-button-size-font-size: 14px;\n--wpforms-button-size-height: 37px;\n--wpforms-button-size-padding-h: 15px;\n--wpforms-button-size-margin-top: 5px;\n\t\t\t}\n\t\t\t<\/style><div class=\"wpforms-container wpforms-container-full wpforms-render-modern\" id=\"wpforms-543\"><form id=\"wpforms-form-543\" class=\"wpforms-validate wpforms-form wpforms-ajax-form\" data-formid=\"543\" method=\"post\" enctype=\"multipart\/form-data\" action=\"\/tr\/wp-json\/wp\/v2\/pages\/430\" data-token=\"48dfcb0b5e7c4164da7a8326b9492d12\" data-token-time=\"1776352281\"><noscript class=\"wpforms-error-noscript\">Bu formu bitirebilmek i\u00e7in taray\u0131c\u0131n\u0131zda JavaScript&#039;i etkinle\u015ftirin.<\/noscript><div id=\"wpforms-error-noscript\" style=\"display: none;\">Bu formu bitirebilmek i\u00e7in taray\u0131c\u0131n\u0131zda JavaScript&#039;i etkinle\u015ftirin.<\/div><div class=\"wpforms-field-container\"><div id=\"wpforms-543-field_1-container\" class=\"wpforms-field wpforms-field-name\" data-field-id=\"1\"><fieldset><legend class=\"wpforms-field-label\">Name <span class=\"wpforms-required-label\" aria-hidden=\"true\">*<\/span><\/legend><div class=\"wpforms-field-row wpforms-field-medium\"><div class=\"wpforms-field-row-block wpforms-first wpforms-one-half\"><input type=\"text\" id=\"wpforms-543-field_1\" class=\"wpforms-field-name-first wpforms-field-required\" name=\"wpforms[fields][1][first]\" aria-errormessage=\"wpforms-543-field_1-error\" required><label for=\"wpforms-543-field_1\" class=\"wpforms-field-sublabel after\">Ad<\/label><\/div><div class=\"wpforms-field-row-block wpforms-one-half\"><input type=\"text\" id=\"wpforms-543-field_1-last\" class=\"wpforms-field-name-last wpforms-field-required\" name=\"wpforms[fields][1][last]\" aria-errormessage=\"wpforms-543-field_1-last-error\" required><label for=\"wpforms-543-field_1-last\" class=\"wpforms-field-sublabel after\">Soyad<\/label><\/div><\/div><\/fieldset><\/div><div id=\"wpforms-543-field_2-container\" class=\"wpforms-field wpforms-field-email\" data-field-id=\"2\"><label class=\"wpforms-field-label\" for=\"wpforms-543-field_2\">Email <span class=\"wpforms-required-label\" aria-hidden=\"true\">*<\/span><\/label><input type=\"email\" id=\"wpforms-543-field_2\" class=\"wpforms-field-medium wpforms-field-required\" name=\"wpforms[fields][2]\" spellcheck=\"false\" aria-errormessage=\"wpforms-543-field_2-error\" required><\/div>\t\t<div id=\"wpforms-543-field_4-container\"\n\t\t\tclass=\"wpforms-field wpforms-field-text\"\n\t\t\tdata-field-type=\"text\"\n\t\t\tdata-field-id=\"4\"\n\t\t\t>\n\t\t\t<label class=\"wpforms-field-label\" for=\"wpforms-543-field_4\" >information. order Email<\/label>\n\t\t\t<input type=\"text\" id=\"wpforms-543-field_4\" class=\"wpforms-field-medium\" name=\"wpforms[fields][4]\" >\n\t\t<\/div>\n\t\t<div id=\"wpforms-543-field_3-container\" class=\"wpforms-field wpforms-field-textarea\" data-field-id=\"3\"><label class=\"wpforms-field-label\" for=\"wpforms-543-field_3\">Share your order details or contact us for more information. <span class=\"wpforms-required-label\" aria-hidden=\"true\">*<\/span><\/label><textarea id=\"wpforms-543-field_3\" class=\"wpforms-field-medium wpforms-field-required\" name=\"wpforms[fields][3]\" aria-errormessage=\"wpforms-543-field_3-error\" required><\/textarea><\/div><script>\n\t\t\t\t( function() {\n\t\t\t\t\tconst style = document.createElement( 'style' );\n\t\t\t\t\tstyle.appendChild( document.createTextNode( '#wpforms-543-field_4-container { position: absolute !important; overflow: hidden !important; display: inline !important; height: 1px !important; width: 1px !important; z-index: -1000 !important; padding: 0 !important; } #wpforms-543-field_4-container input { visibility: hidden; } #wpforms-conversational-form-page #wpforms-543-field_4-container label { counter-increment: none; }' ) );\n\t\t\t\t\tdocument.head.appendChild( style );\n\t\t\t\t\tdocument.currentScript?.remove();\n\t\t\t\t} )();\n\t\t\t<\/script><\/div><!-- .wpforms-field-container --><div class=\"wpforms-submit-container\" ><input type=\"hidden\" name=\"wpforms[id]\" value=\"543\"><input type=\"hidden\" name=\"page_title\" value=\"\"><input type=\"hidden\" name=\"page_url\" value=\"https:\/\/hershofficial.com\/tr\/wp-json\/wp\/v2\/pages\/430\"><input type=\"hidden\" name=\"url_referer\" value=\"\"><button type=\"submit\" name=\"wpforms[submit]\" id=\"wpforms-submit-543\" class=\"wpforms-submit\" data-alt-text=\"Sending...\" data-submit-text=\"Submit\" aria-live=\"assertive\" value=\"wpforms-submit\">Submit<\/button><img decoding=\"async\" src=\"https:\/\/hershofficial.com\/wp-content\/plugins\/wpforms-lite\/assets\/images\/submit-spin.svg\" class=\"wpforms-submit-spinner\" style=\"display: none;\" width=\"26\" height=\"26\" alt=\"Y\u00fckleniyor\"><\/div><\/form><\/div>  <!-- .wpforms-container -->\t\t\t\t<\/div>\n\t\t\t\t<\/div>\n\t\t\t\t\t<\/div>\n\t\t\t\t<\/div>\n\t\t\t\t<\/div>\n\t\t","protected":false},"excerpt":{"rendered":"<p>Custom Orders Most of our products are designed through upcycling from second-hand materials, making them unique and one-of-a-kind. However, we can create custom designs based on your preferred measurements and fabric choices. The preparation time for custom orders is between 2-5 weeks. Please note that custom orders are non-returnable, but exchanges can be accommodated upon&#8230;<\/p>","protected":false},"author":1,"featured_media":0,"parent":0,"menu_order":0,"comment_status":"closed","ping_status":"closed","template":"","meta":{"_kad_post_transparent":"","_kad_post_title":"hide","_kad_post_layout":"fullwidth","_kad_post_sidebar_id":"","_kad_post_content_style":"unboxed","_kad_post_vertical_padding":"hide","_kad_post_feature":"hide","_kad_post_feature_position":"","_kad_post_header":false,"_kad_post_footer":false,"_kad_post_classname":"","footnotes":""},"class_list":["post-430","page","type-page","status-publish","hentry"],"yoast_head":"<!-- This site is optimized with the Yoast SEO plugin v26.9 - https:\/\/yoast.com\/product\/yoast-seo-wordpress\/ -->\n<title>Custom Order - Hersh<\/title>\n<meta name=\"robots\" content=\"index, follow, max-snippet:-1, max-image-preview:large, max-video-preview:-1\" \/>\n<link rel=\"canonical\" href=\"https:\/\/hershofficial.com\/tr\/custom-order\/\" \/>\n<meta property=\"og:locale\" content=\"tr_TR\" \/>\n<meta property=\"og:type\" content=\"article\" \/>\n<meta property=\"og:title\" content=\"Custom Order - Hersh\" \/>\n<meta property=\"og:description\" content=\"Custom Orders Most of our products are designed through upcycling from second-hand materials, making them unique and one-of-a-kind. However, we can create custom designs based on your preferred measurements and fabric choices. The preparation time for custom orders is between 2-5 weeks. Please note that custom orders are non-returnable, but exchanges can be accommodated upon...\" \/>\n<meta property=\"og:url\" content=\"https:\/\/hershofficial.com\/tr\/custom-order\/\" \/>\n<meta property=\"og:site_name\" content=\"Hersh\" \/>\n<meta property=\"article:modified_time\" content=\"2025-10-08T15:51:03+00:00\" \/>\n<meta property=\"og:image\" content=\"https:\/\/hershofficial.com\/wp-content\/plugins\/wpforms-lite\/assets\/images\/submit-spin.svg\" \/>\n<meta name=\"twitter:card\" content=\"summary_large_image\" \/>\n<meta name=\"twitter:label1\" content=\"Tahmini okuma s\u00fcresi\" \/>\n\t<meta name=\"twitter:data1\" content=\"1 dakika\" \/>\n<script type=\"application\/ld+json\" class=\"yoast-schema-graph\">{\"@context\":\"https:\/\/schema.org\",\"@graph\":[{\"@type\":\"WebPage\",\"@id\":\"https:\/\/hershofficial.com\/custom-order\/\",\"url\":\"https:\/\/hershofficial.com\/custom-order\/\",\"name\":\"Custom Order - Hersh\",\"isPartOf\":{\"@id\":\"https:\/\/hershofficial.com\/#website\"},\"primaryImageOfPage\":{\"@id\":\"https:\/\/hershofficial.com\/custom-order\/#primaryimage\"},\"image\":{\"@id\":\"https:\/\/hershofficial.com\/custom-order\/#primaryimage\"},\"thumbnailUrl\":\"https:\/\/hershofficial.com\/wp-content\/plugins\/wpforms-lite\/assets\/images\/submit-spin.svg\",\"datePublished\":\"2025-10-03T17:21:17+00:00\",\"dateModified\":\"2025-10-08T15:51:03+00:00\",\"breadcrumb\":{\"@id\":\"https:\/\/hershofficial.com\/custom-order\/#breadcrumb\"},\"inLanguage\":\"tr\",\"potentialAction\":[{\"@type\":\"ReadAction\",\"target\":[\"https:\/\/hershofficial.com\/custom-order\/\"]}]},{\"@type\":\"ImageObject\",\"inLanguage\":\"tr\",\"@id\":\"https:\/\/hershofficial.com\/custom-order\/#primaryimage\",\"url\":\"https:\/\/hershofficial.com\/wp-content\/plugins\/wpforms-lite\/assets\/images\/submit-spin.svg\",\"contentUrl\":\"https:\/\/hershofficial.com\/wp-content\/plugins\/wpforms-lite\/assets\/images\/submit-spin.svg\"},{\"@type\":\"BreadcrumbList\",\"@id\":\"https:\/\/hershofficial.com\/custom-order\/#breadcrumb\",\"itemListElement\":[{\"@type\":\"ListItem\",\"position\":1,\"name\":\"Home\",\"item\":\"https:\/\/hershofficial.com\/\"},{\"@type\":\"ListItem\",\"position\":2,\"name\":\"Custom Order\"}]},{\"@type\":\"WebSite\",\"@id\":\"https:\/\/hershofficial.com\/#website\",\"url\":\"https:\/\/hershofficial.com\/\",\"name\":\"Hersh\",\"description\":\"\",\"publisher\":{\"@id\":\"https:\/\/hershofficial.com\/#organization\"},\"potentialAction\":[{\"@type\":\"SearchAction\",\"target\":{\"@type\":\"EntryPoint\",\"urlTemplate\":\"https:\/\/hershofficial.com\/?s={search_term_string}\"},\"query-input\":{\"@type\":\"PropertyValueSpecification\",\"valueRequired\":true,\"valueName\":\"search_term_string\"}}],\"inLanguage\":\"tr\"},{\"@type\":\"Organization\",\"@id\":\"https:\/\/hershofficial.com\/#organization\",\"name\":\"Hersh\",\"url\":\"https:\/\/hershofficial.com\/\",\"logo\":{\"@type\":\"ImageObject\",\"inLanguage\":\"tr\",\"@id\":\"https:\/\/hershofficial.com\/#\/schema\/logo\/image\/\",\"url\":\"https:\/\/hershofficial.com\/wp-content\/uploads\/2025\/09\/cropped-WhatsApp-Gorsel-2025-09-20-saat-19.46.12_963aafcd.jpg\",\"contentUrl\":\"https:\/\/hershofficial.com\/wp-content\/uploads\/2025\/09\/cropped-WhatsApp-Gorsel-2025-09-20-saat-19.46.12_963aafcd.jpg\",\"width\":671,\"height\":223,\"caption\":\"Hersh\"},\"image\":{\"@id\":\"https:\/\/hershofficial.com\/#\/schema\/logo\/image\/\"},\"sameAs\":[\"https:\/\/www.instagram.com\/hersh.official\"]}]}<\/script>\n<!-- \/ Yoast SEO plugin. -->","yoast_head_json":{"title":"Custom Order - Hersh","robots":{"index":"index","follow":"follow","max-snippet":"max-snippet:-1","max-image-preview":"max-image-preview:large","max-video-preview":"max-video-preview:-1"},"canonical":"https:\/\/hershofficial.com\/tr\/custom-order\/","og_locale":"tr_TR","og_type":"article","og_title":"Custom Order - Hersh","og_description":"Custom Orders Most of our products are designed through upcycling from second-hand materials, making them unique and one-of-a-kind. However, we can create custom designs based on your preferred measurements and fabric choices. The preparation time for custom orders is between 2-5 weeks. Please note that custom orders are non-returnable, but exchanges can be accommodated upon...","og_url":"https:\/\/hershofficial.com\/tr\/custom-order\/","og_site_name":"Hersh","article_modified_time":"2025-10-08T15:51:03+00:00","og_image":[{"url":"https:\/\/hershofficial.com\/wp-content\/plugins\/wpforms-lite\/assets\/images\/submit-spin.svg","type":"","width":"","height":""}],"twitter_card":"summary_large_image","twitter_misc":{"Tahmini okuma s\u00fcresi":"1 dakika"},"schema":{"@context":"https:\/\/schema.org","@graph":[{"@type":"WebPage","@id":"https:\/\/hershofficial.com\/custom-order\/","url":"https:\/\/hershofficial.com\/custom-order\/","name":"Custom Order - Hersh","isPartOf":{"@id":"https:\/\/hershofficial.com\/#website"},"primaryImageOfPage":{"@id":"https:\/\/hershofficial.com\/custom-order\/#primaryimage"},"image":{"@id":"https:\/\/hershofficial.com\/custom-order\/#primaryimage"},"thumbnailUrl":"https:\/\/hershofficial.com\/wp-content\/plugins\/wpforms-lite\/assets\/images\/submit-spin.svg","datePublished":"2025-10-03T17:21:17+00:00","dateModified":"2025-10-08T15:51:03+00:00","breadcrumb":{"@id":"https:\/\/hershofficial.com\/custom-order\/#breadcrumb"},"inLanguage":"tr","potentialAction":[{"@type":"ReadAction","target":["https:\/\/hershofficial.com\/custom-order\/"]}]},{"@type":"ImageObject","inLanguage":"tr","@id":"https:\/\/hershofficial.com\/custom-order\/#primaryimage","url":"https:\/\/hershofficial.com\/wp-content\/plugins\/wpforms-lite\/assets\/images\/submit-spin.svg","contentUrl":"https:\/\/hershofficial.com\/wp-content\/plugins\/wpforms-lite\/assets\/images\/submit-spin.svg"},{"@type":"BreadcrumbList","@id":"https:\/\/hershofficial.com\/custom-order\/#breadcrumb","itemListElement":[{"@type":"ListItem","position":1,"name":"Home","item":"https:\/\/hershofficial.com\/"},{"@type":"ListItem","position":2,"name":"Custom Order"}]},{"@type":"WebSite","@id":"https:\/\/hershofficial.com\/#website","url":"https:\/\/hershofficial.com\/","name":"Hersh","description":"","publisher":{"@id":"https:\/\/hershofficial.com\/#organization"},"potentialAction":[{"@type":"SearchAction","target":{"@type":"EntryPoint","urlTemplate":"https:\/\/hershofficial.com\/?s={search_term_string}"},"query-input":{"@type":"PropertyValueSpecification","valueRequired":true,"valueName":"search_term_string"}}],"inLanguage":"tr"},{"@type":"Organization","@id":"https:\/\/hershofficial.com\/#organization","name":"Hersh","url":"https:\/\/hershofficial.com\/","logo":{"@type":"ImageObject","inLanguage":"tr","@id":"https:\/\/hershofficial.com\/#\/schema\/logo\/image\/","url":"https:\/\/hershofficial.com\/wp-content\/uploads\/2025\/09\/cropped-WhatsApp-Gorsel-2025-09-20-saat-19.46.12_963aafcd.jpg","contentUrl":"https:\/\/hershofficial.com\/wp-content\/uploads\/2025\/09\/cropped-WhatsApp-Gorsel-2025-09-20-saat-19.46.12_963aafcd.jpg","width":671,"height":223,"caption":"Hersh"},"image":{"@id":"https:\/\/hershofficial.com\/#\/schema\/logo\/image\/"},"sameAs":["https:\/\/www.instagram.com\/hersh.official"]}]}},"_hostinger_reach_plugin_has_subscription_block":false,"_hostinger_reach_plugin_is_elementor":false,"_links":{"self":[{"href":"https:\/\/hershofficial.com\/tr\/wp-json\/wp\/v2\/pages\/430","targetHints":{"allow":["GET"]}}],"collection":[{"href":"https:\/\/hershofficial.com\/tr\/wp-json\/wp\/v2\/pages"}],"about":[{"href":"https:\/\/hershofficial.com\/tr\/wp-json\/wp\/v2\/types\/page"}],"author":[{"embeddable":true,"href":"https:\/\/hershofficial.com\/tr\/wp-json\/wp\/v2\/users\/1"}],"replies":[{"embeddable":true,"href":"https:\/\/hershofficial.com\/tr\/wp-json\/wp\/v2\/comments?post=430"}],"version-history":[{"count":67,"href":"https:\/\/hershofficial.com\/tr\/wp-json\/wp\/v2\/pages\/430\/revisions"}],"predecessor-version":[{"id":875,"href":"https:\/\/hershofficial.com\/tr\/wp-json\/wp\/v2\/pages\/430\/revisions\/875"}],"wp:attachment":[{"href":"https:\/\/hershofficial.com\/tr\/wp-json\/wp\/v2\/media?parent=430"}],"curies":[{"name":"wp","href":"https:\/\/api.w.org\/{rel}","templated":true}]}}