{"id":1453,"date":"2026-03-21T09:05:58","date_gmt":"2026-03-21T09:05:58","guid":{"rendered":"https:\/\/hershofficial.com\/?post_type=product&#038;p=1453"},"modified":"2026-04-04T09:42:21","modified_gmt":"2026-04-04T09:42:21","slug":"tiny-plaid-shell-buttoned-top","status":"publish","type":"product","link":"https:\/\/hershofficial.com\/tr\/urun\/tiny-plaid-shell-buttoned-top\/","title":{"rendered":"Minik ekoseli sedef d\u00fc\u011fmeli g\u00f6mlek"},"content":{"rendered":"<p>G\u00f6rselde, S beden kullan\u0131lm\u0131\u015ft\u0131r.<br \/>\nPamuk i\u00e7erikli stok fazlas\u0131 kuma\u015ftan tasarlanm\u0131\u015ft\u0131r.<\/p>","protected":false},"excerpt":{"rendered":"<p>Model wearing S size. Made by dead-stock cotton blended fabric.<\/p>","protected":false},"featured_media":1459,"comment_status":"open","ping_status":"closed","template":"","meta":{"_kad_post_transparent":"default","_kad_post_title":"","_kad_post_layout":"default","_kad_post_sidebar_id":"","_kad_post_content_style":"default","_kad_post_vertical_padding":"default","_kad_post_feature":"","_kad_post_feature_position":"","_kad_post_header":false,"_kad_post_footer":false,"_kad_post_classname":""},"product_brand":[],"product_cat":[17],"product_tag":[],"class_list":{"0":"post-1453","1":"product","2":"type-product","3":"status-publish","4":"has-post-thumbnail","6":"product_cat-top","7":"pa_size-l","8":"pa_size-m","9":"pa_size-s","10":"pa_size-xs","12":"first","13":"instock","14":"shipping-taxable","15":"purchasable","16":"product-type-variable","17":"entry","18":"content-bg","19":"loop-entry"},"yoast_head":"<!-- This site is optimized with the Yoast SEO plugin v26.9 - https:\/\/yoast.com\/product\/yoast-seo-wordpress\/ -->\n<title>Tiny plaid shell-buttoned top - Hersh<\/title>\n<meta name=\"robots\" content=\"index, follow, max-snippet:-1, max-image-preview:large, max-video-preview:-1\" \/>\n<link rel=\"canonical\" href=\"https:\/\/hershofficial.com\/tr\/urun\/tiny-plaid-shell-buttoned-top\/\" \/>\n<meta property=\"og:locale\" content=\"tr_TR\" \/>\n<meta property=\"og:type\" content=\"article\" \/>\n<meta property=\"og:title\" content=\"Tiny plaid shell-buttoned top - Hersh\" \/>\n<meta property=\"og:description\" content=\"Model wearing S size. Made by dead-stock cotton blended fabric.\" \/>\n<meta property=\"og:url\" content=\"https:\/\/hershofficial.com\/tr\/urun\/tiny-plaid-shell-buttoned-top\/\" \/>\n<meta property=\"og:site_name\" content=\"Hersh\" \/>\n<meta property=\"article:modified_time\" content=\"2026-04-04T09:42:21+00:00\" \/>\n<meta property=\"og:image\" content=\"https:\/\/hershofficial.com\/wp-content\/uploads\/2026\/03\/IMG_7758-scaled-e1774083896549.jpg\" \/>\n\t<meta property=\"og:image:width\" content=\"1809\" \/>\n\t<meta property=\"og:image:height\" content=\"2274\" \/>\n\t<meta property=\"og:image:type\" content=\"image\/jpeg\" \/>\n<meta name=\"twitter:card\" content=\"summary_large_image\" \/>\n<meta name=\"twitter:label1\" content=\"Tahmini okuma s\u00fcresi\" \/>\n\t<meta name=\"twitter:data1\" content=\"1 dakika\" \/>\n<script type=\"application\/ld+json\" class=\"yoast-schema-graph\">{\"@context\":\"https:\/\/schema.org\",\"@graph\":[{\"@type\":\"WebPage\",\"@id\":\"https:\/\/hershofficial.com\/product\/tiny-plaid-shell-buttoned-top\/\",\"url\":\"https:\/\/hershofficial.com\/product\/tiny-plaid-shell-buttoned-top\/\",\"name\":\"Tiny plaid shell-buttoned top - Hersh\",\"isPartOf\":{\"@id\":\"https:\/\/hershofficial.com\/#website\"},\"primaryImageOfPage\":{\"@id\":\"https:\/\/hershofficial.com\/product\/tiny-plaid-shell-buttoned-top\/#primaryimage\"},\"image\":{\"@id\":\"https:\/\/hershofficial.com\/product\/tiny-plaid-shell-buttoned-top\/#primaryimage\"},\"thumbnailUrl\":\"https:\/\/hershofficial.com\/wp-content\/uploads\/2026\/03\/IMG_7758-scaled-e1774083896549.jpg\",\"datePublished\":\"2026-03-21T09:05:58+00:00\",\"dateModified\":\"2026-04-04T09:42:21+00:00\",\"breadcrumb\":{\"@id\":\"https:\/\/hershofficial.com\/product\/tiny-plaid-shell-buttoned-top\/#breadcrumb\"},\"inLanguage\":\"tr\",\"potentialAction\":[{\"@type\":\"ReadAction\",\"target\":[\"https:\/\/hershofficial.com\/product\/tiny-plaid-shell-buttoned-top\/\"]}]},{\"@type\":\"ImageObject\",\"inLanguage\":\"tr\",\"@id\":\"https:\/\/hershofficial.com\/product\/tiny-plaid-shell-buttoned-top\/#primaryimage\",\"url\":\"https:\/\/hershofficial.com\/wp-content\/uploads\/2026\/03\/IMG_7758-scaled-e1774083896549.jpg\",\"contentUrl\":\"https:\/\/hershofficial.com\/wp-content\/uploads\/2026\/03\/IMG_7758-scaled-e1774083896549.jpg\",\"width\":1809,\"height\":2274},{\"@type\":\"BreadcrumbList\",\"@id\":\"https:\/\/hershofficial.com\/product\/tiny-plaid-shell-buttoned-top\/#breadcrumb\",\"itemListElement\":[{\"@type\":\"ListItem\",\"position\":1,\"name\":\"Home\",\"item\":\"https:\/\/hershofficial.com\/\"},{\"@type\":\"ListItem\",\"position\":2,\"name\":\"Shop\",\"item\":\"https:\/\/hershofficial.com\/shop\/\"},{\"@type\":\"ListItem\",\"position\":3,\"name\":\"Tiny plaid shell-buttoned top\"}]},{\"@type\":\"WebSite\",\"@id\":\"https:\/\/hershofficial.com\/#website\",\"url\":\"https:\/\/hershofficial.com\/\",\"name\":\"Hersh\",\"description\":\"\",\"publisher\":{\"@id\":\"https:\/\/hershofficial.com\/#organization\"},\"potentialAction\":[{\"@type\":\"SearchAction\",\"target\":{\"@type\":\"EntryPoint\",\"urlTemplate\":\"https:\/\/hershofficial.com\/?s={search_term_string}\"},\"query-input\":{\"@type\":\"PropertyValueSpecification\",\"valueRequired\":true,\"valueName\":\"search_term_string\"}}],\"inLanguage\":\"tr\"},{\"@type\":\"Organization\",\"@id\":\"https:\/\/hershofficial.com\/#organization\",\"name\":\"Hersh\",\"url\":\"https:\/\/hershofficial.com\/\",\"logo\":{\"@type\":\"ImageObject\",\"inLanguage\":\"tr\",\"@id\":\"https:\/\/hershofficial.com\/#\/schema\/logo\/image\/\",\"url\":\"https:\/\/hershofficial.com\/wp-content\/uploads\/2025\/09\/cropped-WhatsApp-Gorsel-2025-09-20-saat-19.46.12_963aafcd.jpg\",\"contentUrl\":\"https:\/\/hershofficial.com\/wp-content\/uploads\/2025\/09\/cropped-WhatsApp-Gorsel-2025-09-20-saat-19.46.12_963aafcd.jpg\",\"width\":671,\"height\":223,\"caption\":\"Hersh\"},\"image\":{\"@id\":\"https:\/\/hershofficial.com\/#\/schema\/logo\/image\/\"},\"sameAs\":[\"https:\/\/www.instagram.com\/hersh.official\"]}]}<\/script>\n<!-- \/ Yoast SEO plugin. -->","yoast_head_json":{"title":"Tiny plaid shell-buttoned top - Hersh","robots":{"index":"index","follow":"follow","max-snippet":"max-snippet:-1","max-image-preview":"max-image-preview:large","max-video-preview":"max-video-preview:-1"},"canonical":"https:\/\/hershofficial.com\/tr\/urun\/tiny-plaid-shell-buttoned-top\/","og_locale":"tr_TR","og_type":"article","og_title":"Tiny plaid shell-buttoned top - Hersh","og_description":"Model wearing S size. Made by dead-stock cotton blended fabric.","og_url":"https:\/\/hershofficial.com\/tr\/urun\/tiny-plaid-shell-buttoned-top\/","og_site_name":"Hersh","article_modified_time":"2026-04-04T09:42:21+00:00","og_image":[{"width":1809,"height":2274,"url":"https:\/\/hershofficial.com\/wp-content\/uploads\/2026\/03\/IMG_7758-scaled-e1774083896549.jpg","type":"image\/jpeg"}],"twitter_card":"summary_large_image","twitter_misc":{"Tahmini okuma s\u00fcresi":"1 dakika"},"schema":{"@context":"https:\/\/schema.org","@graph":[{"@type":"WebPage","@id":"https:\/\/hershofficial.com\/product\/tiny-plaid-shell-buttoned-top\/","url":"https:\/\/hershofficial.com\/product\/tiny-plaid-shell-buttoned-top\/","name":"Tiny plaid shell-buttoned top - Hersh","isPartOf":{"@id":"https:\/\/hershofficial.com\/#website"},"primaryImageOfPage":{"@id":"https:\/\/hershofficial.com\/product\/tiny-plaid-shell-buttoned-top\/#primaryimage"},"image":{"@id":"https:\/\/hershofficial.com\/product\/tiny-plaid-shell-buttoned-top\/#primaryimage"},"thumbnailUrl":"https:\/\/hershofficial.com\/wp-content\/uploads\/2026\/03\/IMG_7758-scaled-e1774083896549.jpg","datePublished":"2026-03-21T09:05:58+00:00","dateModified":"2026-04-04T09:42:21+00:00","breadcrumb":{"@id":"https:\/\/hershofficial.com\/product\/tiny-plaid-shell-buttoned-top\/#breadcrumb"},"inLanguage":"tr","potentialAction":[{"@type":"ReadAction","target":["https:\/\/hershofficial.com\/product\/tiny-plaid-shell-buttoned-top\/"]}]},{"@type":"ImageObject","inLanguage":"tr","@id":"https:\/\/hershofficial.com\/product\/tiny-plaid-shell-buttoned-top\/#primaryimage","url":"https:\/\/hershofficial.com\/wp-content\/uploads\/2026\/03\/IMG_7758-scaled-e1774083896549.jpg","contentUrl":"https:\/\/hershofficial.com\/wp-content\/uploads\/2026\/03\/IMG_7758-scaled-e1774083896549.jpg","width":1809,"height":2274},{"@type":"BreadcrumbList","@id":"https:\/\/hershofficial.com\/product\/tiny-plaid-shell-buttoned-top\/#breadcrumb","itemListElement":[{"@type":"ListItem","position":1,"name":"Home","item":"https:\/\/hershofficial.com\/"},{"@type":"ListItem","position":2,"name":"Shop","item":"https:\/\/hershofficial.com\/shop\/"},{"@type":"ListItem","position":3,"name":"Tiny plaid shell-buttoned top"}]},{"@type":"WebSite","@id":"https:\/\/hershofficial.com\/#website","url":"https:\/\/hershofficial.com\/","name":"Hersh","description":"","publisher":{"@id":"https:\/\/hershofficial.com\/#organization"},"potentialAction":[{"@type":"SearchAction","target":{"@type":"EntryPoint","urlTemplate":"https:\/\/hershofficial.com\/?s={search_term_string}"},"query-input":{"@type":"PropertyValueSpecification","valueRequired":true,"valueName":"search_term_string"}}],"inLanguage":"tr"},{"@type":"Organization","@id":"https:\/\/hershofficial.com\/#organization","name":"Hersh","url":"https:\/\/hershofficial.com\/","logo":{"@type":"ImageObject","inLanguage":"tr","@id":"https:\/\/hershofficial.com\/#\/schema\/logo\/image\/","url":"https:\/\/hershofficial.com\/wp-content\/uploads\/2025\/09\/cropped-WhatsApp-Gorsel-2025-09-20-saat-19.46.12_963aafcd.jpg","contentUrl":"https:\/\/hershofficial.com\/wp-content\/uploads\/2025\/09\/cropped-WhatsApp-Gorsel-2025-09-20-saat-19.46.12_963aafcd.jpg","width":671,"height":223,"caption":"Hersh"},"image":{"@id":"https:\/\/hershofficial.com\/#\/schema\/logo\/image\/"},"sameAs":["https:\/\/www.instagram.com\/hersh.official"]}]}},"_links":{"self":[{"href":"https:\/\/hershofficial.com\/tr\/wp-json\/wp\/v2\/product\/1453","targetHints":{"allow":["GET"]}}],"collection":[{"href":"https:\/\/hershofficial.com\/tr\/wp-json\/wp\/v2\/product"}],"about":[{"href":"https:\/\/hershofficial.com\/tr\/wp-json\/wp\/v2\/types\/product"}],"replies":[{"embeddable":true,"href":"https:\/\/hershofficial.com\/tr\/wp-json\/wp\/v2\/comments?post=1453"}],"wp:featuredmedia":[{"embeddable":true,"href":"https:\/\/hershofficial.com\/tr\/wp-json\/wp\/v2\/media\/1459"}],"wp:attachment":[{"href":"https:\/\/hershofficial.com\/tr\/wp-json\/wp\/v2\/media?parent=1453"}],"wp:term":[{"taxonomy":"product_brand","embeddable":true,"href":"https:\/\/hershofficial.com\/tr\/wp-json\/wp\/v2\/product_brand?post=1453"},{"taxonomy":"product_cat","embeddable":true,"href":"https:\/\/hershofficial.com\/tr\/wp-json\/wp\/v2\/product_cat?post=1453"},{"taxonomy":"product_tag","embeddable":true,"href":"https:\/\/hershofficial.com\/tr\/wp-json\/wp\/v2\/product_tag?post=1453"}],"curies":[{"name":"wp","href":"https:\/\/api.w.org\/{rel}","templated":true}]}}